{"id":27957,"date":"2025-07-10T06:09:36","date_gmt":"2025-07-10T06:09:36","guid":{"rendered":"https:\/\/prueba.satay.co.cr\/Prueba1\/?post_type=product&#038;p=27957"},"modified":"2025-07-29T17:54:35","modified_gmt":"2025-07-29T17:54:35","slug":"sushi-roll-crispy","status":"publish","type":"product","link":"https:\/\/prueba.satay.co.cr\/Prueba1\/index.php\/producto\/sushi-roll-crispy\/","title":{"rendered":"Sushi Crispy Roll"},"content":{"rendered":"","protected":false},"excerpt":{"rendered":"<p>Con camar\u00f3n tempura, ceboll\u00edn, aguacate y queso crema, tempurizado y ba\u00f1ado con salsa anguila.<\/p>\n","protected":false},"featured_media":28259,"template":"","meta":[],"product_brand":[],"product_cat":[102],"product_tag":[],"class_list":{"0":"post-27957","1":"product","2":"type-product","3":"status-publish","4":"has-post-thumbnail","6":"product_cat-suhsi","8":"first","9":"instock","10":"shipping-taxable","11":"purchasable","12":"product-type-simple"},"yoast_head":"<!-- This site is optimized with the Yoast SEO plugin v25.9 - https:\/\/yoast.com\/wordpress\/plugins\/seo\/ -->\n<title>Sushi Crispy Roll - Satay Asian Cuisine<\/title>\n<meta name=\"robots\" content=\"index, follow, max-snippet:-1, max-image-preview:large, max-video-preview:-1\" \/>\n<link rel=\"canonical\" href=\"https:\/\/prueba.satay.co.cr\/Prueba1\/index.php\/producto\/sushi-roll-crispy\/\" \/>\n<meta property=\"og:locale\" content=\"es_ES\" \/>\n<meta property=\"og:type\" content=\"article\" \/>\n<meta property=\"og:title\" content=\"Sushi Crispy Roll - Satay Asian Cuisine\" \/>\n<meta property=\"og:description\" content=\"Con camar\u00f3n tempura, ceboll\u00edn, aguacate y queso crema, tempurizado y ba\u00f1ado con salsa anguila.\" \/>\n<meta property=\"og:url\" content=\"https:\/\/prueba.satay.co.cr\/Prueba1\/index.php\/producto\/sushi-roll-crispy\/\" \/>\n<meta property=\"og:site_name\" content=\"Satay Asian Cuisine\" \/>\n<meta property=\"article:modified_time\" content=\"2025-07-29T17:54:35+00:00\" \/>\n<meta property=\"og:image\" content=\"https:\/\/prueba.satay.co.cr\/Prueba1\/wp-content\/uploads\/2025\/07\/Crispy.jpg\" \/>\n\t<meta property=\"og:image:width\" content=\"1805\" \/>\n\t<meta property=\"og:image:height\" content=\"1205\" \/>\n\t<meta property=\"og:image:type\" content=\"image\/jpeg\" \/>\n<meta name=\"twitter:card\" content=\"summary_large_image\" \/>\n<script type=\"application\/ld+json\" class=\"yoast-schema-graph\">{\"@context\":\"https:\/\/schema.org\",\"@graph\":[{\"@type\":\"WebPage\",\"@id\":\"https:\/\/prueba.satay.co.cr\/Prueba1\/index.php\/producto\/sushi-roll-crispy\/\",\"url\":\"https:\/\/prueba.satay.co.cr\/Prueba1\/index.php\/producto\/sushi-roll-crispy\/\",\"name\":\"Sushi Crispy Roll - Satay Asian Cuisine\",\"isPartOf\":{\"@id\":\"https:\/\/prueba.satay.co.cr\/Prueba1\/#website\"},\"primaryImageOfPage\":{\"@id\":\"https:\/\/prueba.satay.co.cr\/Prueba1\/index.php\/producto\/sushi-roll-crispy\/#primaryimage\"},\"image\":{\"@id\":\"https:\/\/prueba.satay.co.cr\/Prueba1\/index.php\/producto\/sushi-roll-crispy\/#primaryimage\"},\"thumbnailUrl\":\"https:\/\/prueba.satay.co.cr\/Prueba1\/wp-content\/uploads\/2025\/07\/Crispy.jpg\",\"datePublished\":\"2025-07-10T06:09:36+00:00\",\"dateModified\":\"2025-07-29T17:54:35+00:00\",\"breadcrumb\":{\"@id\":\"https:\/\/prueba.satay.co.cr\/Prueba1\/index.php\/producto\/sushi-roll-crispy\/#breadcrumb\"},\"inLanguage\":\"es\",\"potentialAction\":[{\"@type\":\"ReadAction\",\"target\":[\"https:\/\/prueba.satay.co.cr\/Prueba1\/index.php\/producto\/sushi-roll-crispy\/\"]}]},{\"@type\":\"ImageObject\",\"inLanguage\":\"es\",\"@id\":\"https:\/\/prueba.satay.co.cr\/Prueba1\/index.php\/producto\/sushi-roll-crispy\/#primaryimage\",\"url\":\"https:\/\/prueba.satay.co.cr\/Prueba1\/wp-content\/uploads\/2025\/07\/Crispy.jpg\",\"contentUrl\":\"https:\/\/prueba.satay.co.cr\/Prueba1\/wp-content\/uploads\/2025\/07\/Crispy.jpg\",\"width\":1805,\"height\":1205},{\"@type\":\"BreadcrumbList\",\"@id\":\"https:\/\/prueba.satay.co.cr\/Prueba1\/index.php\/producto\/sushi-roll-crispy\/#breadcrumb\",\"itemListElement\":[{\"@type\":\"ListItem\",\"position\":1,\"name\":\"Portada\",\"item\":\"https:\/\/prueba.satay.co.cr\/Prueba1\/\"},{\"@type\":\"ListItem\",\"position\":2,\"name\":\"Tienda\",\"item\":\"https:\/\/prueba.satay.co.cr\/Prueba1\/index.php\/shop\/\"},{\"@type\":\"ListItem\",\"position\":3,\"name\":\"Sushi Crispy Roll\"}]},{\"@type\":\"WebSite\",\"@id\":\"https:\/\/prueba.satay.co.cr\/Prueba1\/#website\",\"url\":\"https:\/\/prueba.satay.co.cr\/Prueba1\/\",\"name\":\"Satay Asian Cuisine\",\"description\":\"\",\"publisher\":{\"@id\":\"https:\/\/prueba.satay.co.cr\/Prueba1\/#organization\"},\"potentialAction\":[{\"@type\":\"SearchAction\",\"target\":{\"@type\":\"EntryPoint\",\"urlTemplate\":\"https:\/\/prueba.satay.co.cr\/Prueba1\/?s={search_term_string}\"},\"query-input\":{\"@type\":\"PropertyValueSpecification\",\"valueRequired\":true,\"valueName\":\"search_term_string\"}}],\"inLanguage\":\"es\"},{\"@type\":\"Organization\",\"@id\":\"https:\/\/prueba.satay.co.cr\/Prueba1\/#organization\",\"name\":\"Satay Asian Cuisine\",\"url\":\"https:\/\/prueba.satay.co.cr\/Prueba1\/\",\"logo\":{\"@type\":\"ImageObject\",\"inLanguage\":\"es\",\"@id\":\"https:\/\/prueba.satay.co.cr\/Prueba1\/#\/schema\/logo\/image\/\",\"url\":\"https:\/\/prueba.satay.co.cr\/Prueba1\/wp-content\/uploads\/2025\/09\/Satay-convertido-a-grande-removebg-preview.png\",\"contentUrl\":\"https:\/\/prueba.satay.co.cr\/Prueba1\/wp-content\/uploads\/2025\/09\/Satay-convertido-a-grande-removebg-preview.png\",\"width\":500,\"height\":500,\"caption\":\"Satay Asian Cuisine\"},\"image\":{\"@id\":\"https:\/\/prueba.satay.co.cr\/Prueba1\/#\/schema\/logo\/image\/\"}}]}<\/script>\n<!-- \/ Yoast SEO plugin. -->","yoast_head_json":{"title":"Sushi Crispy Roll - Satay Asian Cuisine","robots":{"index":"index","follow":"follow","max-snippet":"max-snippet:-1","max-image-preview":"max-image-preview:large","max-video-preview":"max-video-preview:-1"},"canonical":"https:\/\/prueba.satay.co.cr\/Prueba1\/index.php\/producto\/sushi-roll-crispy\/","og_locale":"es_ES","og_type":"article","og_title":"Sushi Crispy Roll - Satay Asian Cuisine","og_description":"Con camar\u00f3n tempura, ceboll\u00edn, aguacate y queso crema, tempurizado y ba\u00f1ado con salsa anguila.","og_url":"https:\/\/prueba.satay.co.cr\/Prueba1\/index.php\/producto\/sushi-roll-crispy\/","og_site_name":"Satay Asian Cuisine","article_modified_time":"2025-07-29T17:54:35+00:00","og_image":[{"width":1805,"height":1205,"url":"https:\/\/prueba.satay.co.cr\/Prueba1\/wp-content\/uploads\/2025\/07\/Crispy.jpg","type":"image\/jpeg"}],"twitter_card":"summary_large_image","schema":{"@context":"https:\/\/schema.org","@graph":[{"@type":"WebPage","@id":"https:\/\/prueba.satay.co.cr\/Prueba1\/index.php\/producto\/sushi-roll-crispy\/","url":"https:\/\/prueba.satay.co.cr\/Prueba1\/index.php\/producto\/sushi-roll-crispy\/","name":"Sushi Crispy Roll - Satay Asian Cuisine","isPartOf":{"@id":"https:\/\/prueba.satay.co.cr\/Prueba1\/#website"},"primaryImageOfPage":{"@id":"https:\/\/prueba.satay.co.cr\/Prueba1\/index.php\/producto\/sushi-roll-crispy\/#primaryimage"},"image":{"@id":"https:\/\/prueba.satay.co.cr\/Prueba1\/index.php\/producto\/sushi-roll-crispy\/#primaryimage"},"thumbnailUrl":"https:\/\/prueba.satay.co.cr\/Prueba1\/wp-content\/uploads\/2025\/07\/Crispy.jpg","datePublished":"2025-07-10T06:09:36+00:00","dateModified":"2025-07-29T17:54:35+00:00","breadcrumb":{"@id":"https:\/\/prueba.satay.co.cr\/Prueba1\/index.php\/producto\/sushi-roll-crispy\/#breadcrumb"},"inLanguage":"es","potentialAction":[{"@type":"ReadAction","target":["https:\/\/prueba.satay.co.cr\/Prueba1\/index.php\/producto\/sushi-roll-crispy\/"]}]},{"@type":"ImageObject","inLanguage":"es","@id":"https:\/\/prueba.satay.co.cr\/Prueba1\/index.php\/producto\/sushi-roll-crispy\/#primaryimage","url":"https:\/\/prueba.satay.co.cr\/Prueba1\/wp-content\/uploads\/2025\/07\/Crispy.jpg","contentUrl":"https:\/\/prueba.satay.co.cr\/Prueba1\/wp-content\/uploads\/2025\/07\/Crispy.jpg","width":1805,"height":1205},{"@type":"BreadcrumbList","@id":"https:\/\/prueba.satay.co.cr\/Prueba1\/index.php\/producto\/sushi-roll-crispy\/#breadcrumb","itemListElement":[{"@type":"ListItem","position":1,"name":"Portada","item":"https:\/\/prueba.satay.co.cr\/Prueba1\/"},{"@type":"ListItem","position":2,"name":"Tienda","item":"https:\/\/prueba.satay.co.cr\/Prueba1\/index.php\/shop\/"},{"@type":"ListItem","position":3,"name":"Sushi Crispy Roll"}]},{"@type":"WebSite","@id":"https:\/\/prueba.satay.co.cr\/Prueba1\/#website","url":"https:\/\/prueba.satay.co.cr\/Prueba1\/","name":"Satay Asian Cuisine","description":"","publisher":{"@id":"https:\/\/prueba.satay.co.cr\/Prueba1\/#organization"},"potentialAction":[{"@type":"SearchAction","target":{"@type":"EntryPoint","urlTemplate":"https:\/\/prueba.satay.co.cr\/Prueba1\/?s={search_term_string}"},"query-input":{"@type":"PropertyValueSpecification","valueRequired":true,"valueName":"search_term_string"}}],"inLanguage":"es"},{"@type":"Organization","@id":"https:\/\/prueba.satay.co.cr\/Prueba1\/#organization","name":"Satay Asian Cuisine","url":"https:\/\/prueba.satay.co.cr\/Prueba1\/","logo":{"@type":"ImageObject","inLanguage":"es","@id":"https:\/\/prueba.satay.co.cr\/Prueba1\/#\/schema\/logo\/image\/","url":"https:\/\/prueba.satay.co.cr\/Prueba1\/wp-content\/uploads\/2025\/09\/Satay-convertido-a-grande-removebg-preview.png","contentUrl":"https:\/\/prueba.satay.co.cr\/Prueba1\/wp-content\/uploads\/2025\/09\/Satay-convertido-a-grande-removebg-preview.png","width":500,"height":500,"caption":"Satay Asian Cuisine"},"image":{"@id":"https:\/\/prueba.satay.co.cr\/Prueba1\/#\/schema\/logo\/image\/"}}]}},"_links":{"self":[{"href":"https:\/\/prueba.satay.co.cr\/Prueba1\/index.php\/wp-json\/wp\/v2\/product\/27957","targetHints":{"allow":["GET"]}}],"collection":[{"href":"https:\/\/prueba.satay.co.cr\/Prueba1\/index.php\/wp-json\/wp\/v2\/product"}],"about":[{"href":"https:\/\/prueba.satay.co.cr\/Prueba1\/index.php\/wp-json\/wp\/v2\/types\/product"}],"version-history":[{"count":2,"href":"https:\/\/prueba.satay.co.cr\/Prueba1\/index.php\/wp-json\/wp\/v2\/product\/27957\/revisions"}],"predecessor-version":[{"id":28142,"href":"https:\/\/prueba.satay.co.cr\/Prueba1\/index.php\/wp-json\/wp\/v2\/product\/27957\/revisions\/28142"}],"wp:featuredmedia":[{"embeddable":true,"href":"https:\/\/prueba.satay.co.cr\/Prueba1\/index.php\/wp-json\/wp\/v2\/media\/28259"}],"wp:attachment":[{"href":"https:\/\/prueba.satay.co.cr\/Prueba1\/index.php\/wp-json\/wp\/v2\/media?parent=27957"}],"wp:term":[{"taxonomy":"product_brand","embeddable":true,"href":"https:\/\/prueba.satay.co.cr\/Prueba1\/index.php\/wp-json\/wp\/v2\/product_brand?post=27957"},{"taxonomy":"product_cat","embeddable":true,"href":"https:\/\/prueba.satay.co.cr\/Prueba1\/index.php\/wp-json\/wp\/v2\/product_cat?post=27957"},{"taxonomy":"product_tag","embeddable":true,"href":"https:\/\/prueba.satay.co.cr\/Prueba1\/index.php\/wp-json\/wp\/v2\/product_tag?post=27957"}],"curies":[{"name":"wp","href":"https:\/\/api.w.org\/{rel}","templated":true}]}}